{"id":18,"date":"2025-03-02T10:08:13","date_gmt":"2025-03-02T10:08:13","guid":{"rendered":"https:\/\/talajelet.hu\/?page_id=18"},"modified":"2025-03-02T10:08:13","modified_gmt":"2025-03-02T10:08:13","slug":"contact","status":"publish","type":"page","link":"https:\/\/talajelet.hu\/index.php\/contact\/","title":{"rendered":"Contact"},"content":{"rendered":"<p>[et_pb_section fb_built=&#8221;1&#8243; admin_label=&#8221;Hero&#8221; _builder_version=&#8221;4.23.1&#8243; _module_preset=&#8221;default&#8221; custom_padding=&#8221;||||false|false&#8221; hover_enabled=&#8221;0&#8243; locked=&#8221;off&#8221; template_type=&#8221;section&#8221; collapsed=&#8221;on&#8221; global_colors_info=&#8221;{}&#8221;][et_pb_row column_structure=&#8221;1_2,1_2&#8243; _builder_version=&#8221;4.24.2&#8243; _module_preset=&#8221;5138c454-be54-4233-bd3b-f8e6a8747976&#8243; hover_enabled=&#8221;0&#8243; locked=&#8221;off&#8221; global_colors_info=&#8221;{}&#8221;][et_pb_column type=&#8221;1_2&#8243; _builder_version=&#8221;4.24.2&#8243; _module_preset=&#8221;73121f80-a3ef-4484-8763-c3f18e3c56d2&#8243; custom_padding=&#8221;60px||||false|false&#8221; custom_padding_tablet=&#8221;0px||||false|false&#8221; custom_padding_phone=&#8221;0px||||false|false&#8221; custom_padding_last_edited=&#8221;on|desktop&#8221; hover_enabled=&#8221;0&#8243; global_colors_info=&#8221;{}&#8221;][et_pb_heading title=&#8221;Kapcsolatfelv\u00e9tel a Talaj = \u00c9let Oldalon&#8221; _builder_version=&#8221;4.24.2&#8243; _module_preset=&#8221;ddeb8c09-9078-4424-bc15-2efb6572e28e&#8221; hover_enabled=&#8221;0&#8243; locked=&#8221;off&#8221; global_colors_info=&#8221;{}&#8221;][\/et_pb_heading][et_pb_text _builder_version=&#8221;4.24.3&#8243; _module_preset=&#8221;2c55a9c4-feed-423b-9edb-ae0b5b365cac&#8221; hover_enabled=&#8221;0&#8243; locked=&#8221;off&#8221; global_colors_info=&#8221;{}&#8221;]<\/p>\n<p>Fedezze fel, hogyan seg\u00edthet\u00fcnk \u00d6nnek a regenerat\u00edv gazd\u00e1lkod\u00e1s ter\u00e9n. L\u00e9pjen kapcsolatba vel\u00fcnk k\u00e9rd\u00e9seivel vagy visszajelz\u00e9seivel!<\/p>\n<p>[\/et_pb_text][et_pb_button button_text=&#8221;L\u00e9pjen Kapcsolatba Vel\u00fcnk&#8221; _builder_version=&#8221;4.24.2&#8243; _module_preset=&#8221;1bffc0fc-42a0-49d1-bd9a-ae3ade2d7206&#8243; hover_enabled=&#8221;0&#8243; locked=&#8221;off&#8221; global_colors_info=&#8221;{}&#8221;][\/et_pb_button][\/et_pb_column][et_pb_column type=&#8221;1_2&#8243; _builder_version=&#8221;4.23.1&#8243; _module_preset=&#8221;73121f80-a3ef-4484-8763-c3f18e3c56d2&#8243; hover_enabled=&#8221;0&#8243; global_colors_info=&#8221;{}&#8221;][et_pb_image src=&#8221;https:\/\/images.unsplash.com\/photo-1546069901-ba9599a7e63c?ixid=M3w1ODkyNzF8MHwxfHNlYXJjaHwzfHxoZWFsdGh5JTIwc29pbCUyMGVjb3N5c3RlbXxlbnwwfDJ8fHwxNzQwOTEwMDUyfDA&#038;ixlib=rb-4.0.3&#038;fm=webp&#038;fit=crop&#038;crop=entropy&#038;w=800&#038;h=800&#038;q=20&#038;dpr=2&#8243; title_text=&#8221;800&#215;800&#8243; _builder_version=&#8221;4.25.2&#8243; _module_preset=&#8221;1cc6152f-565c-4c4d-b0c9-cf8c9576c341&#8243; custom_margin=&#8221;|-10vw|||false|false&#8221; custom_margin_tablet=&#8221;|0vw|||false|false&#8221; custom_margin_phone=&#8221;|0vw|||false|false&#8221; custom_margin_last_edited=&#8221;on|tablet&#8221; hover_enabled=&#8221;0&#8243; box_shadow_style=&#8221;preset4&#8243; box_shadow_horizontal=&#8221;0px&#8221; box_shadow_vertical=&#8221;24px&#8221; box_shadow_blur=&#8221;72px&#8221; box_shadow_spread=&#8221;-12px&#8221; locked=&#8221;off&#8221; global_colors_info=&#8221;{}&#8221;][\/et_pb_image][\/et_pb_column][\/et_pb_row][\/et_pb_section][et_pb_section fb_built=&#8221;1&#8243; admin_label=&#8221;Text&#8221; _builder_version=&#8221;4.24.3&#8243; _module_preset=&#8221;default&#8221; background_color=&#8221;#000000&#8243; hover_enabled=&#8221;0&#8243; locked=&#8221;off&#8221; template_type=&#8221;section&#8221; collapsed=&#8221;on&#8221; global_colors_info=&#8221;{}&#8221;][et_pb_row column_structure=&#8221;1_2,1_2&#8243; _builder_version=&#8221;4.23.1&#8243; _module_preset=&#8221;5138c454-be54-4233-bd3b-f8e6a8747976&#8243; custom_padding=&#8221;||0px|||&#8221; hover_enabled=&#8221;0&#8243; global_colors_info=&#8221;{}&#8221;][et_pb_column type=&#8221;1_2&#8243; _builder_version=&#8221;4.16.1&#8243; _module_preset=&#8221;73121f80-a3ef-4484-8763-c3f18e3c56d2&#8243; hover_enabled=&#8221;0&#8243; global_colors_info=&#8221;{}&#8221;][et_pb_heading title=&#8221;Kapcsolatfelv\u00e9tel \u00e9s T\u00e1mogat\u00e1s&#8221; _builder_version=&#8221;4.25.1&#8243; _module_preset=&#8221;f0c675ea-2574-4d0e-b725-30f8550a8550&#8243; title_text_color=&#8221;gcid-secondary-color&#8221; hover_enabled=&#8221;0&#8243; locked=&#8221;off&#8221; global_colors_info=&#8221;{%22gcid-secondary-color%22:%91%22title_text_color%22%93}&#8221;][\/et_pb_heading][\/et_pb_column][et_pb_column type=&#8221;1_2&#8243; _builder_version=&#8221;4.16.1&#8243; _module_preset=&#8221;73121f80-a3ef-4484-8763-c3f18e3c56d2&#8243; hover_enabled=&#8221;0&#8243; global_colors_info=&#8221;{}&#8221;][\/et_pb_column][\/et_pb_row][et_pb_row column_structure=&#8221;1_2,1_2&#8243; _builder_version=&#8221;4.23.1&#8243; _module_preset=&#8221;5138c454-be54-4233-bd3b-f8e6a8747976&#8243; custom_padding=&#8221;0px|||||&#8221; hover_enabled=&#8221;0&#8243; global_colors_info=&#8221;{}&#8221;][et_pb_column type=&#8221;1_2&#8243; _builder_version=&#8221;4.16.1&#8243; _module_preset=&#8221;73121f80-a3ef-4484-8763-c3f18e3c56d2&#8243; hover_enabled=&#8221;0&#8243; global_colors_info=&#8221;{}&#8221;][et_pb_heading title=&#8221;K\u00e9rd\u00e9se Van a Regenerat\u00edv Gazd\u00e1lkod\u00e1sr\u00f3l?&#8221; _builder_version=&#8221;4.24.3&#8243; _module_preset=&#8221;ba4a6336-701f-47b8-bf5c-09da0ce28016&#8243; title_text_color=&#8221;#FFFFFF&#8221; hover_enabled=&#8221;0&#8243; title_font_size_tablet=&#8221;28px&#8221; title_font_size_phone=&#8221;20px&#8221; locked=&#8221;off&#8221; global_colors_info=&#8221;{}&#8221;][\/et_pb_heading][et_pb_button button_text=&#8221;Tov\u00e1bbi Inform\u00e1ci\u00f3&#8221; _builder_version=&#8221;4.24.2&#8243; _module_preset=&#8221;1bffc0fc-42a0-49d1-bd9a-ae3ade2d7206&#8243; hover_enabled=&#8221;0&#8243; global_colors_info=&#8221;{}&#8221;][\/et_pb_button][\/et_pb_column][et_pb_column type=&#8221;1_2&#8243; _builder_version=&#8221;4.16.1&#8243; _module_preset=&#8221;73121f80-a3ef-4484-8763-c3f18e3c56d2&#8243; hover_enabled=&#8221;0&#8243; global_colors_info=&#8221;{}&#8221;][et_pb_text _builder_version=&#8221;4.24.3&#8243; _module_preset=&#8221;0504de1e-f5ff-4281-ba60-cbbe4edf98bc&#8221; hover_enabled=&#8221;0&#8243; locked=&#8221;off&#8221; global_colors_info=&#8221;{%22gcid-primary-color%22:%91%22link_text_color%22%93,%22gcid-heading-color%22:%91%22header_text_color%22,%22header_4_text_color%22,%22header_3_text_color%22,%22header_2_text_color%22,%22header_5_text_color%22,%22header_6_text_color%22%93,%22gcid-body-color%22:%91%22text_text_color%22%93,%22gcid-secondary-color%22:%91%22quote_border_color%22%93,%22gcid-36fd78a7-34bc-404d-873c-dafa34efaae5%22:%91%22icon_color%22,%22icon_color%22%93}&#8221; body_font_size_tablet=&#8221;15px&#8221; body_font_size_phone=&#8221;14px&#8221; body_font_size_last_edited=&#8221;on|desktop&#8221;]<\/p>\n<p>A Talaj = \u00c9let oldalon elk\u00f6telezettek vagyunk a talaj eg\u00e9szs\u00e9g\u00e9nek meg\u0151rz\u00e9se ir\u00e1nt. Ha k\u00e9rd\u00e9se van a regenerat\u00edv gazd\u00e1lkod\u00e1sr\u00f3l vagy a talajmeg\u0151rz\u00e9si technol\u00f3gi\u00e1kr\u00f3l, ne habozzon kapcsolatba l\u00e9pni vel\u00fcnk. Szak\u00e9rt\u0151ink k\u00e9szen \u00e1llnak, hogy seg\u00edtsenek \u00d6nnek a helyes d\u00f6nt\u00e9sek meghozatal\u00e1ban a fenntarthat\u00f3 mez\u0151gazdas\u00e1g \u00e9rdek\u00e9ben.<\/p>\n<p>[\/et_pb_text][\/et_pb_column][\/et_pb_row][\/et_pb_section][et_pb_section fb_built=&#8221;1&#8243; admin_label=&#8221;Contact Info&#8221; _builder_version=&#8221;4.25.1&#8243; _module_preset=&#8221;default&#8221; hover_enabled=&#8221;0&#8243; template_type=&#8221;section&#8221; collapsed=&#8221;on&#8221; global_colors_info=&#8221;{}&#8221;][et_pb_row column_structure=&#8221;1_3,1_3,1_3&#8243; make_equal=&#8221;on&#8221; _builder_version=&#8221;4.25.1&#8243; _module_preset=&#8221;default&#8221; hover_enabled=&#8221;0&#8243; global_colors_info=&#8221;{}&#8221;][et_pb_column type=&#8221;1_3&#8243; _builder_version=&#8221;4.25.1&#8243; _module_preset=&#8221;default&#8221; hover_enabled=&#8221;0&#8243; global_colors_info=&#8221;{}&#8221;][et_pb_heading title=&#8221;(255) 352-6258&#8243; _builder_version=&#8221;4.25.1&#8243; _module_preset=&#8221;a3805066-8711-43c7-9f62-5782da0e9f7a&#8221; title_text_align=&#8221;center&#8221; hover_enabled=&#8221;0&#8243; global_colors_info=&#8221;{}&#8221;][\/et_pb_heading][et_pb_text _builder_version=&#8221;4.25.1&#8243; _module_preset=&#8221;4b240c10-bcce-4a83-9661-66d610a878e0&#8243; text_orientation=&#8221;center&#8221; hover_enabled=&#8221;0&#8243; global_colors_info=&#8221;{}&#8221;]Telefon[\/et_pb_text][\/et_pb_column][et_pb_column type=&#8221;1_3&#8243; _builder_version=&#8221;4.25.1&#8243; _module_preset=&#8221;default&#8221; hover_enabled=&#8221;0&#8243; global_colors_info=&#8221;{}&#8221;][et_pb_heading title=&#8221;hello@divi.com&#8221; _builder_version=&#8221;4.25.1&#8243; _module_preset=&#8221;a3805066-8711-43c7-9f62-5782da0e9f7a&#8221; title_text_align=&#8221;center&#8221; title_text_color=&#8221;gcid-primary-color&#8221; hover_enabled=&#8221;0&#8243; global_colors_info=&#8221;{%22gcid-primary-color%22:%91%22title_text_color%22%93}&#8221;][\/et_pb_heading][et_pb_text _builder_version=&#8221;4.25.1&#8243; _module_preset=&#8221;4b240c10-bcce-4a83-9661-66d610a878e0&#8243; text_orientation=&#8221;center&#8221; hover_enabled=&#8221;0&#8243; global_colors_info=&#8221;{}&#8221;]Email[\/et_pb_text][\/et_pb_column][et_pb_column type=&#8221;1_3&#8243; _builder_version=&#8221;4.25.1&#8243; _module_preset=&#8221;default&#8221; hover_enabled=&#8221;0&#8243; global_colors_info=&#8221;{}&#8221;][et_pb_heading title=&#8221;1234 Divi St. #1000, San Francisco, CA 94220&#8243; _builder_version=&#8221;4.25.1&#8243; _module_preset=&#8221;a3805066-8711-43c7-9f62-5782da0e9f7a&#8221; title_text_align=&#8221;center&#8221; hover_enabled=&#8221;0&#8243; global_colors_info=&#8221;{}&#8221;][\/et_pb_heading][et_pb_text _builder_version=&#8221;4.25.1&#8243; _module_preset=&#8221;4b240c10-bcce-4a83-9661-66d610a878e0&#8243; text_orientation=&#8221;center&#8221; hover_enabled=&#8221;0&#8243; global_colors_info=&#8221;{}&#8221;]C\u00edm[\/et_pb_text][\/et_pb_column][\/et_pb_row][\/et_pb_section][et_pb_section fb_built=&#8221;1&#8243; admin_label=&#8221;Frequently Asked Questions&#8221; _builder_version=&#8221;4.23.1&#8243; _module_preset=&#8221;default&#8221; hover_enabled=&#8221;0&#8243; locked=&#8221;off&#8221; template_type=&#8221;section&#8221; collapsed=&#8221;on&#8221; global_colors_info=&#8221;{}&#8221;][et_pb_row _builder_version=&#8221;4.17.6&#8243; _module_preset=&#8221;5138c454-be54-4233-bd3b-f8e6a8747976&#8243; hover_enabled=&#8221;0&#8243; global_colors_info=&#8221;{}&#8221;][et_pb_column type=&#8221;4_4&#8243; _builder_version=&#8221;4.16&#8243; _module_preset=&#8221;73121f80-a3ef-4484-8763-c3f18e3c56d2&#8243; hover_enabled=&#8221;0&#8243; global_colors_info=&#8221;{}&#8221;][et_pb_heading title=&#8221;Gyakran Ism\u00e9telt K\u00e9rd\u00e9sek&#8221; _builder_version=&#8221;4.24.2&#8243; _module_preset=&#8221;c33f07d9-41e0-421a-8799-5799df695cce&#8221; hover_enabled=&#8221;0&#8243; locked=&#8221;off&#8221; global_colors_info=&#8221;{}&#8221;][\/et_pb_heading][et_pb_text _builder_version=&#8221;4.24.3&#8243; _module_preset=&#8221;2c55a9c4-feed-423b-9edb-ae0b5b365cac&#8221; hover_enabled=&#8221;0&#8243; locked=&#8221;off&#8221; global_colors_info=&#8221;{}&#8221;]<\/p>\n<p>Fedezze fel a regenerat\u00edv gazd\u00e1lkod\u00e1s \u00e9s talajkezel\u00e9s leggyakrabban feltett k\u00e9rd\u00e9seit, hogy jobban meg\u00e9rthesse m\u00f3dszereinket \u00e9s azok el\u0151nyeit.<\/p>\n<p>[\/et_pb_text][\/et_pb_column][\/et_pb_row][et_pb_row column_structure=&#8221;2_3,1_3&#8243; _builder_version=&#8221;4.23.1&#8243; _module_preset=&#8221;5138c454-be54-4233-bd3b-f8e6a8747976&#8243; hover_enabled=&#8221;0&#8243; global_colors_info=&#8221;{}&#8221;][et_pb_column type=&#8221;2_3&#8243; _builder_version=&#8221;4.16&#8243; _module_preset=&#8221;73121f80-a3ef-4484-8763-c3f18e3c56d2&#8243; hover_enabled=&#8221;0&#8243; global_colors_info=&#8221;{}&#8221;][et_pb_accordion open_toggle_text_color=&#8221;gcid-secondary-color&#8221; icon_color=&#8221;gcid-secondary-color&#8221; _builder_version=&#8221;4.24.2&#8243; _module_preset=&#8221;73efbc9d-37bf-4f75-b3d8-498640ef079f&#8221; hover_enabled=&#8221;0&#8243; locked=&#8221;off&#8221; global_colors_info=&#8221;{%22gcid-36fd78a7-34bc-404d-873c-dafa34efaae5%22:%91%22quote_icon_color%22,%22quote_icon_color%22,%22quote_icon_color%22%93,%22gcid-primary-color%22:%91%22icon_color%22%93,%22gcid-heading-color%22:%91%22toggle_text_color%22,%22toggle_text_color%22%93,%22gcid-body-color%22:%91%22body_text_color%22,%22body_text_color%22%93,%22gcid-3e0ae39b-d026-4173-b444-0c785917aeff%22:%91%22body_text_color%22%93,%22gcid-828accbb-1ed2-407d-95be-20ab4e191566%22:%91%22border_color_all%22%93,%22gcid-secondary-color%22:%91%22icon_color%22,%22open_toggle_text_color%22%93}&#8221;][et_pb_accordion_item title=&#8221;Mi az a regenerat\u00edv gazd\u00e1lkod\u00e1s?&#8221; open=&#8221;on&#8221; _builder_version=&#8221;4.21.0&#8243; _module_preset=&#8221;550abe5c-b505-4d6b-adc7-570bd7cc1217&#8243; hover_enabled=&#8221;0&#8243; global_colors_info=&#8221;{}&#8221;]<\/p>\n<p>A regenerat\u00edv gazd\u00e1lkod\u00e1s egy olyan mez\u0151gazdas\u00e1gi megk\u00f6zel\u00edt\u00e9s, amely a talaj eg\u00e9szs\u00e9g\u00e9nek jav\u00edt\u00e1s\u00e1ra, a biodiverzit\u00e1s n\u00f6vel\u00e9s\u00e9re \u00e9s a sz\u00e9nmegk\u00f6t\u00e9s el\u0151seg\u00edt\u00e9s\u00e9re \u00f6sszpontos\u00edt.<\/p>\n<p>[\/et_pb_accordion_item][et_pb_accordion_item title=&#8221;Hogyan seg\u00edt a talajtakar\u00e1ssal a talaj eg\u00e9szs\u00e9g\u00e9nek meg\u0151rz\u00e9s\u00e9ben?&#8221; _builder_version=&#8221;4.21.0&#8243; _module_preset=&#8221;550abe5c-b505-4d6b-adc7-570bd7cc1217&#8243; hover_enabled=&#8221;0&#8243; global_colors_info=&#8221;{}&#8221;]<\/p>\n<p>A talajtakar\u00e1ssal megv\u00e9dj\u00fck a talajt az er\u00f3zi\u00f3t\u00f3l, meg\u0151rizz\u00fck a nedvess\u00e9get, \u00e9s el\u0151seg\u00edtj\u00fck a talajlak\u00f3 mikroorganizmusok tev\u00e9kenys\u00e9g\u00e9t.<\/p>\n<p>[\/et_pb_accordion_item][et_pb_accordion_item title=&#8221;Mi\u00e9rt fontos a talaj bolygat\u00e1s\u00e1nak minimaliz\u00e1l\u00e1sa?&#8221; _builder_version=&#8221;4.21.0&#8243; _module_preset=&#8221;550abe5c-b505-4d6b-adc7-570bd7cc1217&#8243; hover_enabled=&#8221;0&#8243; global_colors_info=&#8221;{}&#8221;]<\/p>\n<p>A talaj bolygat\u00e1s\u00e1nak cs\u00f6kkent\u00e9se seg\u00edt meg\u0151rizni a talaj szerkezet\u00e9t \u00e9s a benne \u00e9l\u0151 mikroorganizmusok \u00e9letter\u00e9t, ez\u00e1ltal jav\u00edtva a talaj term\u00e9kenys\u00e9g\u00e9t.<\/p>\n<p>[\/et_pb_accordion_item][et_pb_accordion_item title=&#8221;Milyen el\u0151ny\u00f6kkel j\u00e1r az \u00e1llattart\u00e1s integr\u00e1l\u00e1sa a gazd\u00e1lkod\u00e1sba?&#8221; _builder_version=&#8221;4.21.0&#8243; _module_preset=&#8221;550abe5c-b505-4d6b-adc7-570bd7cc1217&#8243; hover_enabled=&#8221;0&#8243; global_colors_info=&#8221;{}&#8221;]<\/p>\n<p>Az \u00e1llatok integr\u00e1l\u00e1sa seg\u00edt a t\u00e1panyagok k\u00f6rforg\u00e1s\u00e1ban, jav\u00edtja a talaj szerkezet\u00e9t, \u00e9s el\u0151seg\u00edti a biodiverzit\u00e1s n\u00f6veked\u00e9s\u00e9t.<\/p>\n<p>[\/et_pb_accordion_item][et_pb_accordion_item title=&#8221;Hogyan n\u00f6veli a n\u00f6v\u00e9nyi sokf\u00e9les\u00e9g a talaj eg\u00e9szs\u00e9g\u00e9t?&#8221; _builder_version=&#8221;4.21.0&#8243; _module_preset=&#8221;550abe5c-b505-4d6b-adc7-570bd7cc1217&#8243; hover_enabled=&#8221;0&#8243; global_colors_info=&#8221;{}&#8221;]<\/p>\n<p>A n\u00f6v\u00e9nyi sokf\u00e9les\u00e9g el\u0151seg\u00edti a k\u00fcl\u00f6nb\u00f6z\u0151 t\u00e1panyagok visszajuttat\u00e1s\u00e1t a talajba, \u00e9s t\u00e1mogatja a talajlak\u00f3 \u00e9l\u0151l\u00e9nyek v\u00e1ltozatoss\u00e1g\u00e1t.<\/p>\n<p>[\/et_pb_accordion_item][\/et_pb_accordion][\/et_pb_column][et_pb_column type=&#8221;1_3&#8243; _builder_version=&#8221;4.16&#8243; _module_preset=&#8221;73121f80-a3ef-4484-8763-c3f18e3c56d2&#8243; hover_enabled=&#8221;0&#8243; global_colors_info=&#8221;{}&#8221;][et_pb_heading title=&#8221;Kapcsolatfelv\u00e9tel&#8221; _builder_version=&#8221;4.24.3&#8243; _module_preset=&#8221;ba4a6336-701f-47b8-bf5c-09da0ce28016&#8243; hover_enabled=&#8221;0&#8243; locked=&#8221;off&#8221; global_colors_info=&#8221;{}&#8221;][\/et_pb_heading][et_pb_button button_text=&#8221;L\u00e9pjen Vel\u00fcnk Kapcsolatba&#8221; _builder_version=&#8221;4.24.3&#8243; _module_preset=&#8221;1bffc0fc-42a0-49d1-bd9a-ae3ade2d7206&#8243; button_bg_color=&#8221;gcid-secondary-color&#8221; hover_enabled=&#8221;0&#8243; locked=&#8221;off&#8221; global_colors_info=&#8221;{%22gcid-secondary-color%22:%91%22button_bg_color%22%93}&#8221;][\/et_pb_button][\/et_pb_column][\/et_pb_row][\/et_pb_section][et_pb_section fb_built=&#8221;1&#8243; admin_label=&#8221;Social Media&#8221; _builder_version=&#8221;4.18.0&#8243; _module_preset=&#8221;default&#8221; hover_enabled=&#8221;0&#8243; template_type=&#8221;section&#8221; collapsed=&#8221;on&#8221; global_colors_info=&#8221;{}&#8221;][et_pb_row _builder_version=&#8221;4.23&#8243; _module_preset=&#8221;5138c454-be54-4233-bd3b-f8e6a8747976&#8243; hover_enabled=&#8221;0&#8243; global_colors_info=&#8221;{}&#8221;][et_pb_column type=&#8221;4_4&#8243; _builder_version=&#8221;4.18.0&#8243; _module_preset=&#8221;73121f80-a3ef-4484-8763-c3f18e3c56d2&#8243; hover_enabled=&#8221;0&#8243; global_colors_info=&#8221;{}&#8221;][et_pb_heading title=&#8221;K\u00f6vessen Minket a K\u00f6z\u00f6ss\u00e9gi M\u00e9di\u00e1ban&#8221; _builder_version=&#8221;4.24.3&#8243; _module_preset=&#8221;c33f07d9-41e0-421a-8799-5799df695cce&#8221; title_text_align=&#8221;center&#8221; hover_enabled=&#8221;0&#8243; locked=&#8221;off&#8221; global_colors_info=&#8221;{}&#8221;][\/et_pb_heading][\/et_pb_column][\/et_pb_row][et_pb_row column_structure=&#8221;1_4,1_4,1_4,1_4&#8243; _builder_version=&#8221;4.24.1&#8243; _module_preset=&#8221;5138c454-be54-4233-bd3b-f8e6a8747976&#8243; hover_enabled=&#8221;0&#8243; global_colors_info=&#8221;{}&#8221;][et_pb_column type=&#8221;1_4&#8243; _builder_version=&#8221;4.24.1&#8243; _module_preset=&#8221;73121f80-a3ef-4484-8763-c3f18e3c56d2&#8243; hover_enabled=&#8221;0&#8243; global_colors_info=&#8221;{}&#8221;][et_pb_number_counter title=&#8221;Twitter&#8221; number=&#8221;52,845&#8243; percent_sign=&#8221;off&#8221; module_class=&#8221;ai_ignore_all&#8221; _builder_version=&#8221;4.24.3&#8243; _module_preset=&#8221;7221b916-5673-42a9-821d-94b9139856c5&#8243; text_orientation=&#8221;center&#8221; custom_margin=&#8221;||0px||false|false&#8221; hover_enabled=&#8221;0&#8243; global_colors_info=&#8221;{}&#8221;][\/et_pb_number_counter][et_pb_text module_class=&#8221;ai_ignore_all&#8221; _builder_version=&#8221;4.24.3&#8243; _module_preset=&#8221;2c55a9c4-feed-423b-9edb-ae0b5b365cac&#8221; text_orientation=&#8221;center&#8221; hover_enabled=&#8221;0&#8243; locked=&#8221;off&#8221; global_colors_info=&#8221;{}&#8221;]<\/p>\n<p><a href='https:\/\/www.facebook.com\/tmg'>Facebook<\/a> &#8211; 5,000 k\u00f6vet\u0151<\/p>\n<p>[\/et_pb_text][\/et_pb_column][et_pb_column type=&#8221;1_4&#8243; _builder_version=&#8221;4.18.0&#8243; _module_preset=&#8221;73121f80-a3ef-4484-8763-c3f18e3c56d2&#8243; hover_enabled=&#8221;0&#8243; global_colors_info=&#8221;{}&#8221;][et_pb_number_counter title=&#8221;YouTube&#8221; number=&#8221;113,660&#8243; percent_sign=&#8221;off&#8221; module_class=&#8221;ai_ignore_all&#8221; _builder_version=&#8221;4.24.3&#8243; _module_preset=&#8221;7221b916-5673-42a9-821d-94b9139856c5&#8243; text_orientation=&#8221;center&#8221; custom_margin=&#8221;||0px||false|false&#8221; hover_enabled=&#8221;0&#8243; locked=&#8221;off&#8221; global_colors_info=&#8221;{}&#8221;][\/et_pb_number_counter][et_pb_text module_class=&#8221;ai_ignore_all&#8221; _builder_version=&#8221;4.24.3&#8243; _module_preset=&#8221;2c55a9c4-feed-423b-9edb-ae0b5b365cac&#8221; text_orientation=&#8221;center&#8221; hover_enabled=&#8221;0&#8243; locked=&#8221;off&#8221; global_colors_info=&#8221;{}&#8221;]<\/p>\n<p><a href='https:\/\/www.instagram.com\/tmg'>Instagram<\/a> &#8211; 3,200 k\u00f6vet\u0151<\/p>\n<p>[\/et_pb_text][\/et_pb_column][et_pb_column type=&#8221;1_4&#8243; _builder_version=&#8221;4.18.0&#8243; _module_preset=&#8221;73121f80-a3ef-4484-8763-c3f18e3c56d2&#8243; hover_enabled=&#8221;0&#8243; global_colors_info=&#8221;{}&#8221;][et_pb_number_counter title=&#8221;Instagram&#8221; number=&#8221;76,110&#8243; percent_sign=&#8221;off&#8221; module_class=&#8221;ai_ignore_all&#8221; _builder_version=&#8221;4.24.3&#8243; _module_preset=&#8221;7221b916-5673-42a9-821d-94b9139856c5&#8243; text_orientation=&#8221;center&#8221; custom_margin=&#8221;||0px||false|false&#8221; hover_enabled=&#8221;0&#8243; locked=&#8221;off&#8221; global_colors_info=&#8221;{}&#8221;][\/et_pb_number_counter][et_pb_text module_class=&#8221;ai_ignore_all&#8221; _builder_version=&#8221;4.24.3&#8243; _module_preset=&#8221;2c55a9c4-feed-423b-9edb-ae0b5b365cac&#8221; text_orientation=&#8221;center&#8221; hover_enabled=&#8221;0&#8243; locked=&#8221;off&#8221; global_colors_info=&#8221;{}&#8221;]<\/p>\n<p><a href='https:\/\/twitter.com\/tmg'>Twitter<\/a> &#8211; 1,800 k\u00f6vet\u0151<\/p>\n<p>[\/et_pb_text][\/et_pb_column][et_pb_column type=&#8221;1_4&#8243; _builder_version=&#8221;4.18.0&#8243; _module_preset=&#8221;73121f80-a3ef-4484-8763-c3f18e3c56d2&#8243; hover_enabled=&#8221;0&#8243; global_colors_info=&#8221;{}&#8221;][et_pb_number_counter title=&#8221;Pinterest&#8221; number=&#8221;25,445&#8243; percent_sign=&#8221;off&#8221; module_class=&#8221;ai_ignore_all&#8221; _builder_version=&#8221;4.24.3&#8243; _module_preset=&#8221;7221b916-5673-42a9-821d-94b9139856c5&#8243; text_orientation=&#8221;center&#8221; custom_margin=&#8221;||0px||false|false&#8221; hover_enabled=&#8221;0&#8243; locked=&#8221;off&#8221; global_colors_info=&#8221;{}&#8221;][\/et_pb_number_counter][et_pb_text module_class=&#8221;ai_ignore_all&#8221; _builder_version=&#8221;4.24.3&#8243; _module_preset=&#8221;2c55a9c4-feed-423b-9edb-ae0b5b365cac&#8221; text_orientation=&#8221;center&#8221; hover_enabled=&#8221;0&#8243; locked=&#8221;off&#8221; global_colors_info=&#8221;{}&#8221;]<\/p>\n<p><a href='https:\/\/www.linkedin.com\/company\/tmg'>LinkedIn<\/a> &#8211; 2,500 k\u00f6vet\u0151<\/p>\n<p>[\/et_pb_text][\/et_pb_column][\/et_pb_row][\/et_pb_section][et_pb_section fb_built=&#8221;1&#8243; admin_label=&#8221;Call to Action&#8221; _builder_version=&#8221;4.24.2&#8243; _module_preset=&#8221;default&#8221; background_color=&#8221;gcid-primary-color&#8221; hover_enabled=&#8221;0&#8243; locked=&#8221;off&#8221; template_type=&#8221;section&#8221; collapsed=&#8221;on&#8221; global_colors_info=&#8221;{%22gcid-primary-color%22:%91%22background_color%22%93}&#8221;][et_pb_row column_structure=&#8221;1_2,1_4,1_4&#8243; _builder_version=&#8221;4.18.0&#8243; _module_preset=&#8221;5138c454-be54-4233-bd3b-f8e6a8747976&#8243; hover_enabled=&#8221;0&#8243; global_colors_info=&#8221;{}&#8221;][et_pb_column type=&#8221;1_2&#8243; _builder_version=&#8221;4.16.0&#8243; _module_preset=&#8221;73121f80-a3ef-4484-8763-c3f18e3c56d2&#8243; hover_enabled=&#8221;0&#8243; global_colors_info=&#8221;{}&#8221;][et_pb_heading title=&#8221;Kapcsolatfelv\u00e9teli Felh\u00edv\u00e1s&#8221; _builder_version=&#8221;4.24.3&#8243; _module_preset=&#8221;ba4a6336-701f-47b8-bf5c-09da0ce28016&#8243; title_text_color=&#8221;#FFFFFF&#8221; hover_enabled=&#8221;0&#8243; locked=&#8221;off&#8221; global_colors_info=&#8221;{}&#8221;][\/et_pb_heading][\/et_pb_column][et_pb_column type=&#8221;1_4&#8243; _builder_version=&#8221;4.16.0&#8243; _module_preset=&#8221;73121f80-a3ef-4484-8763-c3f18e3c56d2&#8243; hover_enabled=&#8221;0&#8243; global_colors_info=&#8221;{}&#8221;][et_pb_text _builder_version=&#8221;4.24.3&#8243; _module_preset=&#8221;0504de1e-f5ff-4281-ba60-cbbe4edf98bc&#8221; background_layout=&#8221;dark&#8221; hover_enabled=&#8221;0&#8243; locked=&#8221;off&#8221; global_colors_info=&#8221;{%22gcid-36fd78a7-34bc-404d-873c-dafa34efaae5%22:%91%22icon_color%22,%22icon_color%22,%22icon_color%22,%22icon_color%22,%22link_text_color%22%93}&#8221;]<\/p>\n<p>\u00d6r\u00f6mmel v\u00e1rjuk k\u00e9rd\u00e9seit \u00e9s visszajelz\u00e9seit! K\u00e9rj\u00fck, ne habozzon kapcsolatba l\u00e9pni vel\u00fcnk, hogy egy\u00fctt dolgozhassunk a fenntarthat\u00f3 j\u00f6v\u0151 \u00e9rdek\u00e9ben.<\/p>\n<p>[\/et_pb_text][\/et_pb_column][et_pb_column type=&#8221;1_4&#8243; _builder_version=&#8221;4.16.0&#8243; _module_preset=&#8221;73121f80-a3ef-4484-8763-c3f18e3c56d2&#8243; hover_enabled=&#8221;0&#8243; global_colors_info=&#8221;{}&#8221;][et_pb_button button_text=&#8221;Vegye Fel Vel\u00fcnk a Kapcsolatot&#8221; button_alignment=&#8221;right&#8221; button_alignment_tablet=&#8221;right&#8221; button_alignment_phone=&#8221;left&#8221; button_alignment_last_edited=&#8221;on|desktop&#8221; _builder_version=&#8221;4.23&#8243; _module_preset=&#8221;ab15fb74-61a3-43aa-96b3-41e09aeef654&#8243; hover_enabled=&#8221;0&#8243; global_colors_info=&#8221;{}&#8221;][\/et_pb_button][\/et_pb_column][\/et_pb_row][\/et_pb_section]<\/p>\n","protected":false},"excerpt":{"rendered":"<p>Fedezze fel, hogyan seg\u00edthet\u00fcnk \u00d6nnek a regenerat\u00edv gazd\u00e1lkod\u00e1s ter\u00e9n. L\u00e9pjen kapcsolatba vel\u00fcnk k\u00e9rd\u00e9seivel vagy visszajelz\u00e9seivel!A Talaj = \u00c9let oldalon elk\u00f6telezettek vagyunk a talaj eg\u00e9szs\u00e9g\u00e9nek meg\u0151rz\u00e9se ir\u00e1nt. Ha k\u00e9rd\u00e9se van a regenerat\u00edv gazd\u00e1lkod\u00e1sr\u00f3l vagy a talajmeg\u0151rz\u00e9si technol\u00f3gi\u00e1kr\u00f3l, ne habozzon kapcsolatba l\u00e9pni vel\u00fcnk. Szak\u00e9rt\u0151ink k\u00e9szen \u00e1llnak, hogy seg\u00edtsenek \u00d6nnek a helyes d\u00f6nt\u00e9sek meghozatal\u00e1ban a fenntarthat\u00f3 mez\u0151gazdas\u00e1g \u00e9rdek\u00e9ben.TelefonEmailC\u00edmFedezze [&hellip;]<\/p>\n","protected":false},"author":1,"featured_media":0,"parent":0,"menu_order":0,"comment_status":"closed","ping_status":"closed","template":"","meta":{"_et_pb_use_builder":"on","_et_pb_old_content":"","_et_gb_content_width":"","footnotes":""},"class_list":["post-18","page","type-page","status-publish","hentry"],"_links":{"self":[{"href":"https:\/\/talajelet.hu\/index.php\/wp-json\/wp\/v2\/pages\/18","targetHints":{"allow":["GET"]}}],"collection":[{"href":"https:\/\/talajelet.hu\/index.php\/wp-json\/wp\/v2\/pages"}],"about":[{"href":"https:\/\/talajelet.hu\/index.php\/wp-json\/wp\/v2\/types\/page"}],"author":[{"embeddable":true,"href":"https:\/\/talajelet.hu\/index.php\/wp-json\/wp\/v2\/users\/1"}],"replies":[{"embeddable":true,"href":"https:\/\/talajelet.hu\/index.php\/wp-json\/wp\/v2\/comments?post=18"}],"version-history":[{"count":1,"href":"https:\/\/talajelet.hu\/index.php\/wp-json\/wp\/v2\/pages\/18\/revisions"}],"predecessor-version":[{"id":25,"href":"https:\/\/talajelet.hu\/index.php\/wp-json\/wp\/v2\/pages\/18\/revisions\/25"}],"wp:attachment":[{"href":"https:\/\/talajelet.hu\/index.php\/wp-json\/wp\/v2\/media?parent=18"}],"curies":[{"name":"wp","href":"https:\/\/api.w.org\/{rel}","templated":true}]}}